{"id":6,"date":"2021-04-06T07:38:21","date_gmt":"2021-04-06T07:38:21","guid":{"rendered":"https:\/\/andrinegger.ch\/?page_id=6"},"modified":"2024-12-16T19:52:45","modified_gmt":"2024-12-16T19:52:45","slug":"home","status":"publish","type":"page","link":"https:\/\/axt-zwiebel.ch\/","title":{"rendered":""},"content":{"rendered":"\t\t<div data-elementor-type=\"wp-page\" data-elementor-id=\"6\" class=\"elementor elementor-6\" data-elementor-settings=\"[]\">\n\t\t\t\t\t\t\t<div class=\"elementor-section-wrap\">\n\t\t\t\t\t\t\t<section class=\"elementor-section elementor-top-section elementor-element elementor-element-1eb092f8 elementor-section-height-min-height elementor-section-content-middle elementor-section-boxed elementor-section-height-default elementor-section-items-middle\" data-id=\"1eb092f8\" data-element_type=\"section\" data-settings=\"{&quot;background_background&quot;:&quot;classic&quot;}\">\n\t\t\t\t\t\t<div class=\"elementor-container elementor-column-gap-default\">\n\t\t\t\t\t<div class=\"elementor-column elementor-col-100 elementor-top-column elementor-element elementor-element-59ec7d5f\" data-id=\"59ec7d5f\" data-element_type=\"column\">\n\t\t\t<div class=\"elementor-widget-wrap elementor-element-populated\">\n\t\t\t\t\t\t\t\t<div class=\"elementor-element elementor-element-5af242e elementor-absolute elementor-widget elementor-widget-text-editor\" data-id=\"5af242e\" data-element_type=\"widget\" data-settings=\"{&quot;_position&quot;:&quot;absolute&quot;}\" data-widget_type=\"text-editor.default\">\n\t\t\t\t<div class=\"elementor-widget-container\">\n\t\t\t\t\t<div class=\"elementor-text-editor elementor-clearfix\"><h1 style=\"text-align: left;\">Wir m\u00f6chten lachen, diskutieren, leben, erleben, Synergien nutzen und Neues erschaffen.<\/h1><\/div>\n\t\t\t\t<\/div>\n\t\t\t\t<\/div>\n\t\t\t\t\t<\/div>\n\t\t<\/div>\n\t\t\t\t\t\t\t<\/div>\n\t\t<\/section>\n\t\t\t\t<section class=\"elementor-section elementor-top-section elementor-element elementor-element-c6fde32 elementor-section-boxed elementor-section-height-default elementor-section-height-default\" data-id=\"c6fde32\" data-element_type=\"section\">\n\t\t\t\t\t\t<div class=\"elementor-container elementor-column-gap-default\">\n\t\t\t\t\t<div class=\"elementor-column elementor-col-100 elementor-top-column elementor-element elementor-element-f382535\" data-id=\"f382535\" data-element_type=\"column\">\n\t\t\t<div class=\"elementor-widget-wrap elementor-element-populated\">\n\t\t\t\t\t\t\t\t<div class=\"elementor-element elementor-element-34deb88 elementor-widget elementor-widget-heading\" data-id=\"34deb88\" data-element_type=\"widget\" data-widget_type=\"heading.default\">\n\t\t\t\t<div class=\"elementor-widget-container\">\n\t\t\t<h3 class=\"elementor-heading-title elementor-size-large\">Wie wir leben wollen<\/h3>\t\t<\/div>\n\t\t\t\t<\/div>\n\t\t\t\t<div class=\"elementor-element elementor-element-cea04cf elementor-widget elementor-widget-text-editor\" data-id=\"cea04cf\" data-element_type=\"widget\" data-widget_type=\"text-editor.default\">\n\t\t\t\t<div class=\"elementor-widget-container\">\n\t\t\t\t\t<div class=\"elementor-text-editor elementor-clearfix\"><p>Wir m\u00f6chten uns langfristig an einem Ort niederlassen, den wir unsere Oase nennen d\u00fcrfen. Den wir gestalten und an dem wir unsere Interessen ausleben k\u00f6nnen. Daf\u00fcr w\u00fcnschen wir uns tolle Kontakte mit Nachbarn sowie gegenseitige Unterst\u00fctzung.\u00a0<\/p><p style=\"margin: 0cm 0cm 0cm 36pt; font-size: 12pt; font-family: Calibri, sans-serif; color: #000000; text-align: start; text-indent: -18pt; line-height: 18.4px;\">\u00a0<\/p><\/div>\n\t\t\t\t<\/div>\n\t\t\t\t<\/div>\n\t\t\t\t\t<\/div>\n\t\t<\/div>\n\t\t\t\t\t\t\t<\/div>\n\t\t<\/section>\n\t\t\t\t<section class=\"elementor-section elementor-top-section elementor-element elementor-element-49190f8e elementor-section-boxed elementor-section-height-default elementor-section-height-default\" data-id=\"49190f8e\" data-element_type=\"section\" data-settings=\"{&quot;background_background&quot;:&quot;classic&quot;}\">\n\t\t\t\t\t\t<div class=\"elementor-container elementor-column-gap-custom\">\n\t\t\t\t\t<div class=\"elementor-column elementor-col-50 elementor-top-column elementor-element elementor-element-4831563c\" data-id=\"4831563c\" data-element_type=\"column\">\n\t\t\t<div class=\"elementor-widget-wrap elementor-element-populated\">\n\t\t\t\t\t\t\t\t<div class=\"elementor-element elementor-element-d9c24f5 elementor-widget elementor-widget-heading\" data-id=\"d9c24f5\" data-element_type=\"widget\" data-widget_type=\"heading.default\">\n\t\t\t\t<div class=\"elementor-widget-container\">\n\t\t\t<h2 class=\"elementor-heading-title elementor-size-default\">Nathalie<\/h2>\t\t<\/div>\n\t\t\t\t<\/div>\n\t\t\t\t<div class=\"elementor-element elementor-element-67fbdf2b elementor-widget elementor-widget-image\" data-id=\"67fbdf2b\" data-element_type=\"widget\" data-widget_type=\"image.default\">\n\t\t\t\t<div class=\"elementor-widget-container\">\n\t\t\t\t\t<div class=\"elementor-image\">\n\t\t\t\t\t\t\t\t\t\t<img decoding=\"async\" src=\"https:\/\/axt-zwiebel.ch\/wp-content\/uploads\/elementor\/thumbs\/Nathalie-1-p5k4sf2xhbe2tlml5nrd7ciyburer1i86fp16wow00.jpg\" title=\"Nathalie\" alt=\"Nathalie\" \/>\t\t\t\t\t\t\t\t\t\t\t<\/div>\n\t\t\t\t<\/div>\n\t\t\t\t<\/div>\n\t\t\t\t<div class=\"elementor-element elementor-element-40798930 elementor-widget elementor-widget-text-editor\" data-id=\"40798930\" data-element_type=\"widget\" data-widget_type=\"text-editor.default\">\n\t\t\t\t<div class=\"elementor-widget-container\">\n\t\t\t\t\t<div class=\"elementor-text-editor elementor-clearfix\"><p>Ich beobachte gerne Tiere und Pflanzen. Gem\u00fcse pflanze ich seit Jahren auf dem Balkon und jetzt auch im Garten an. Hier experimentiere ich gerne und probiere immer wieder neue Dinge aus. In meiner Freizeit gehe ich auch wandern. Mir gef\u00e4llt es, die Natur immer wieder neu zu entdecken.<\/p><p><span style=\"font-weight: var( --e-global-typography-text-font-weight );\">Ich bin gelernte Fachfrau Kinderbetreuerin und habe den Bachelor in Sozialer Arbeit absolviert. Menschen, insbesondere Kinder und junge Erwachsene haben eine grosse Bedeutung in meinem Leben. Dies soll auch k\u00fcnftig in meinem Berufsleben so sein.\u00a0<\/span><\/p><p><span style=\"font-weight: var( --e-global-typography-text-font-weight );\">Aktuell arbeite ich als p\u00e4dagogische Fachperson mit Standortleitung an einer Tagesschule.\u00a0<\/span><\/p><\/div>\n\t\t\t\t<\/div>\n\t\t\t\t<\/div>\n\t\t\t\t\t<\/div>\n\t\t<\/div>\n\t\t\t\t<div class=\"elementor-column elementor-col-50 elementor-top-column elementor-element elementor-element-8c45516\" data-id=\"8c45516\" data-element_type=\"column\">\n\t\t\t<div class=\"elementor-widget-wrap elementor-element-populated\">\n\t\t\t\t\t\t\t\t<div class=\"elementor-element elementor-element-9550c48 elementor-widget elementor-widget-heading\" data-id=\"9550c48\" data-element_type=\"widget\" data-widget_type=\"heading.default\">\n\t\t\t\t<div class=\"elementor-widget-container\">\n\t\t\t<h2 class=\"elementor-heading-title elementor-size-default\">Andrin<\/h2>\t\t<\/div>\n\t\t\t\t<\/div>\n\t\t\t\t<div class=\"elementor-element elementor-element-54c0069 elementor-widget elementor-widget-image\" data-id=\"54c0069\" data-element_type=\"widget\" data-widget_type=\"image.default\">\n\t\t\t\t<div class=\"elementor-widget-container\">\n\t\t\t\t\t<div class=\"elementor-image\">\n\t\t\t\t\t\t\t\t\t\t<img decoding=\"async\" src=\"https:\/\/axt-zwiebel.ch\/wp-content\/uploads\/elementor\/thumbs\/IMG_3249-1-qq2vjnv138vz9ufb6ozn87hze54nnfvffgpgko3zsw.jpg\" title=\"IMG_3249\" alt=\"IMG_3249\" \/>\t\t\t\t\t\t\t\t\t\t\t<\/div>\n\t\t\t\t<\/div>\n\t\t\t\t<\/div>\n\t\t\t\t<div class=\"elementor-element elementor-element-8c40949 elementor-widget elementor-widget-text-editor\" data-id=\"8c40949\" data-element_type=\"widget\" data-widget_type=\"text-editor.default\">\n\t\t\t\t<div class=\"elementor-widget-container\">\n\t\t\t\t\t<div class=\"elementor-text-editor elementor-clearfix\"><p>Ich bin ein aktiver und vielseitig interessierter Mensch und werde dieses Jahr 37ig. Ich bin gerne um und mit Menschen zusammen im Beruf wie auch im Privaten.<\/p>\n<p><span style=\"font-weight: var( --e-global-typography-text-font-weight );\">Ich nutze meine Freizeit, um mich handwerklich auszutoben, ob an meinem Bus, einer neuen Lampe oder an etwas, das den Alltag vereinfacht. Durch meine Zusatzausbildung als Erlebnis- und Umweltp\u00e4dagogik, bin ich oft bei verschiedenen Outdooraktivit\u00e4ten anzutreffen. Ich liebe es&nbsp;<\/span>Neues zu lernen. Ich entdecke gerne die Natur und mag die Rauheit, die sie birgt.<\/p>\n<p>Ich habe Medieningenieur studiert und arbeite als Dozent f\u00fcr Audio- und Kameratechnik an der Fachhochschule in Bern \/ Z\u00fcrich \/ Chur.&nbsp;&nbsp;<\/p><\/div>\n\t\t\t\t<\/div>\n\t\t\t\t<\/div>\n\t\t\t\t\t<\/div>\n\t\t<\/div>\n\t\t\t\t\t\t\t<\/div>\n\t\t<\/section>\n\t\t\t\t<section class=\"elementor-section elementor-top-section elementor-element elementor-element-34f70782 elementor-section-boxed elementor-section-height-default elementor-section-height-default\" data-id=\"34f70782\" data-element_type=\"section\" data-settings=\"{&quot;background_background&quot;:&quot;classic&quot;}\">\n\t\t\t\t\t\t<div class=\"elementor-container elementor-column-gap-default\">\n\t\t\t\t\t<div class=\"elementor-column elementor-col-100 elementor-top-column elementor-element elementor-element-42f7bcc2\" data-id=\"42f7bcc2\" data-element_type=\"column\">\n\t\t\t<div class=\"elementor-widget-wrap elementor-element-populated\">\n\t\t\t\t\t\t\t\t<div class=\"elementor-element elementor-element-496e7591 elementor-widget elementor-widget-heading\" data-id=\"496e7591\" data-element_type=\"widget\" data-widget_type=\"heading.default\">\n\t\t\t\t<div class=\"elementor-widget-container\">\n\t\t\t<h4 class=\"elementor-heading-title elementor-size-large\">Wir freuen uns von dir zu h\u00f6ren. <\/h4>\t\t<\/div>\n\t\t\t\t<\/div>\n\t\t\t\t<div class=\"elementor-element elementor-element-57e15ce2 elementor-align-center elementor-widget elementor-widget-button\" data-id=\"57e15ce2\" data-element_type=\"widget\" data-widget_type=\"button.default\">\n\t\t\t\t<div class=\"elementor-widget-container\">\n\t\t\t\t\t<div class=\"elementor-button-wrapper\">\n\t\t\t<a href=\"mailto:mail@andrinegger.ch\" class=\"elementor-button-link elementor-button elementor-size-lg\" role=\"button\">\n\t\t\t\t\t\t<span class=\"elementor-button-content-wrapper\">\n\t\t\t\t\t\t<span class=\"elementor-button-text\">mail@andrinegger.ch<\/span>\n\t\t<\/span>\n\t\t\t\t\t<\/a>\n\t\t<\/div>\n\t\t\t\t<\/div>\n\t\t\t\t<\/div>\n\t\t\t\t\t<\/div>\n\t\t<\/div>\n\t\t\t\t\t\t\t<\/div>\n\t\t<\/section>\n\t\t\t\t\t\t<\/div>\n\t\t\t\t\t<\/div>\n\t\t","protected":false},"excerpt":{"rendered":"<p>Wir m\u00f6chten lachen, diskutieren, leben, erleben, Synergien nutzen und Neues erschaffen. Wie wir leben wollen Wir m\u00f6chten uns langfristig an einem Ort niederlassen, den wir unsere Oase nennen d\u00fcrfen. Den wir gestalten und an dem wir unsere Interessen ausleben k\u00f6nnen. Daf\u00fcr w\u00fcnschen wir uns tolle Kontakte mit Nachbarn sowie gegenseitige Unterst\u00fctzung.\u00a0 \u00a0 Nathalie Ich beobachte [&hellip;]<\/p>\n","protected":false},"author":1,"featured_media":0,"parent":0,"menu_order":0,"comment_status":"closed","ping_status":"closed","template":"","meta":{"footnotes":""},"class_list":["post-6","page","type-page","status-publish","hentry"],"_links":{"self":[{"href":"https:\/\/axt-zwiebel.ch\/index.php?rest_route=\/wp\/v2\/pages\/6","targetHints":{"allow":["GET"]}}],"collection":[{"href":"https:\/\/axt-zwiebel.ch\/index.php?rest_route=\/wp\/v2\/pages"}],"about":[{"href":"https:\/\/axt-zwiebel.ch\/index.php?rest_route=\/wp\/v2\/types\/page"}],"author":[{"embeddable":true,"href":"https:\/\/axt-zwiebel.ch\/index.php?rest_route=\/wp\/v2\/users\/1"}],"replies":[{"embeddable":true,"href":"https:\/\/axt-zwiebel.ch\/index.php?rest_route=%2Fwp%2Fv2%2Fcomments&post=6"}],"version-history":[{"count":238,"href":"https:\/\/axt-zwiebel.ch\/index.php?rest_route=\/wp\/v2\/pages\/6\/revisions"}],"predecessor-version":[{"id":323,"href":"https:\/\/axt-zwiebel.ch\/index.php?rest_route=\/wp\/v2\/pages\/6\/revisions\/323"}],"wp:attachment":[{"href":"https:\/\/axt-zwiebel.ch\/index.php?rest_route=%2Fwp%2Fv2%2Fmedia&parent=6"}],"curies":[{"name":"wp","href":"https:\/\/api.w.org\/{rel}","templated":true}]}}